{"id":31,"date":"2024-09-13T14:42:43","date_gmt":"2024-09-13T12:42:43","guid":{"rendered":"http:\/\/skolalinda.4wdev.cz\/?page_id=31"},"modified":"2025-01-08T14:51:24","modified_gmt":"2025-01-08T13:51:24","slug":"kontakt","status":"publish","type":"page","link":"https:\/\/www.skolalinda.cz\/dev\/?page_id=31","title":{"rendered":"Kontakt"},"content":{"rendered":"<p><section class=\"fusion-fullwidth fullwidth-box fusion-builder-row-1 fusion-flex-container has-pattern-background has-mask-background kontakt-container nonhundred-percent-fullwidth non-hundred-percent-height-scrolling fusion-custom-z-index\" style=\"--awb-border-radius-top-left:0px;--awb-border-radius-top-right:0px;--awb-border-radius-bottom-right:0px;--awb-border-radius-bottom-left:0px;--awb-z-index:20;--awb-padding-bottom:100px;--awb-flex-wrap:wrap;\" ><div class=\"fusion-builder-row fusion-row fusion-flex-align-items-flex-start fusion-flex-content-wrap\" style=\"max-width:1331.2px;margin-left: calc(-4% \/ 2 );margin-right: calc(-4% \/ 2 );\"><div class=\"fusion-layout-column fusion_builder_column fusion-builder-column-0 fusion_builder_column_1_2 1_2 fusion-flex-column fusion-flex-align-self-stretch kontakt-col-kontakty\" style=\"--awb-bg-size:cover;--awb-width-large:50%;--awb-margin-top-large:0px;--awb-spacing-right-large:3.84%;--awb-margin-bottom-large:0px;--awb-spacing-left-large:3.84%;--awb-width-medium:100%;--awb-order-medium:0;--awb-spacing-right-medium:1.92%;--awb-margin-bottom-medium:2.5rem;--awb-spacing-left-medium:1.92%;--awb-width-small:100%;--awb-order-small:0;--awb-spacing-right-small:1.92%;--awb-spacing-left-small:1.92%;\" data-scroll-devices=\"small-visibility,medium-visibility,large-visibility\"><div class=\"fusion-column-wrapper fusion-column-has-shadow fusion-flex-justify-content-flex-start fusion-content-layout-column\"><div class=\"fusion-text fusion-text-1 fusion-text-no-margin section-title_smol\" style=\"--awb-font-size:18px;--awb-line-height:var(--awb-typography3-line-height);--awb-letter-spacing:var(--awb-typography3-letter-spacing);--awb-text-transform:uppercase;--awb-text-color:var(--awb-color5);--awb-text-font-family:&quot;Raleway&quot;;--awb-text-font-style:normal;--awb-text-font-weight:700;\"><p>m\u00e1te dotaz?<\/p>\n<\/div><div class=\"fusion-title title fusion-title-1 fusion-sep-none fusion-title-text fusion-title-size-two section-title\" style=\"--awb-text-color:var(--awb-color8);--awb-font-size:var(--awb-typography1-font-size);\"><h2 class=\"fusion-title-heading title-heading-left fusion-responsive-typography-calculated\" style=\"font-family:var(--awb-typography1-font-family);font-weight:var(--awb-typography1-font-weight);font-style:var(--awb-typography1-font-style);margin:0;font-size:1em;letter-spacing:var(--awb-typography1-letter-spacing);text-transform:var(--awb-typography1-text-transform);--fontSize:48;line-height:var(--awb-typography1-line-height);\">Kontaktujte n\u00e1s<\/h2><\/div><div class=\"fusion-text fusion-text-2\" style=\"--awb-font-size:var(--awb-typography4-font-size);--awb-line-height:var(--awb-typography4-line-height);--awb-letter-spacing:var(--awb-typography4-letter-spacing);--awb-text-transform:var(--awb-typography4-text-transform);--awb-text-font-family:var(--awb-typography4-font-family);--awb-text-font-weight:var(--awb-typography4-font-weight);--awb-text-font-style:var(--awb-typography4-font-style);\"><p>Dovolte, abychom v\u00e1m poskytli v\u00edce podrobnost\u00ed o&nbsp;jazykov\u00fdch kurzech se speci\u00e1ln\u00ed nab\u00eddkou.<\/p>\n<\/div><div class=\"fusion-builder-row fusion-builder-row-inner fusion-row fusion-flex-align-items-flex-start fusion-flex-content-wrap\" style=\"width:104% !important;max-width:104% !important;margin-left: calc(-4% \/ 2 );margin-right: calc(-4% \/ 2 );\"><div class=\"fusion-layout-column fusion_builder_column_inner fusion-builder-nested-column-0 fusion_builder_column_inner_1_1 1_1 fusion-flex-column kontaktBox\" style=\"--awb-bg-size:cover;--awb-width-large:100%;--awb-margin-top-large:0px;--awb-spacing-right-large:1.92%;--awb-margin-bottom-large:0px;--awb-spacing-left-large:1.92%;--awb-width-medium:100%;--awb-order-medium:0;--awb-spacing-right-medium:1.92%;--awb-spacing-left-medium:1.92%;--awb-width-small:100%;--awb-order-small:0;--awb-spacing-right-small:1.92%;--awb-spacing-left-small:1.92%;\" data-scroll-devices=\"small-visibility,medium-visibility,large-visibility\"><div class=\"fusion-column-wrapper fusion-column-has-shadow fusion-flex-justify-content-flex-start fusion-content-layout-row\"><div class=\"icoWrap\">\n<svg id=\"Layer_1\" enable-background=\"new 0 0 100 100\" viewBox=\"0 0 100 100\" xmlns=\"http:\/\/www.w3.org\/2000\/svg\">\n<path clip-rule=\"evenodd\" d=\"m24.9809818 47.5127831c-3.8028164-6.655117 3.4862251-11.0916672 6.3379593-13.626812 4.4365559-4.1199684 6.3379612-10.4579277 0-19.9657135-6.9717007-10.4579277-12.0419922-13.3096612-22.1837101-2.5351487-25.9865207 36.1267281 37.7115517 104.5773774 75.7396851 81.4439087 11.4082565-9.5068436 8.8731079-14.8944778-.9510498-22.5002899-8.8731079-6.9717026-15.2118225-5.7042236-19.6491318-1.2675934-2.8524818 2.5351486-7.9227753 9.5068436-14.2607346 5.3876343-9.1904488-6.0213776-19.6491261-17.4296303-25.0348797-26.9362869zm71.9368725 4.4365501c-.3172684 4.1199684-6.6551132 4.1199684-6.3379593-.3172607.3172608-23.1334744-17.1130447-41.8309527-40.2461357-42.7825995-4.1199684-.3172655-3.8028145-6.6551123.3172646-6.3379593 26.9362793 1.267592 46.5854111 22.5002975 46.2688293 49.4365807zm-32.3239212-1.2675896c0 4.436554-6.0213737 4.436554-6.3379593.3172646-.3172646-6.3379593-2.8524857-9.1904488-9.5068474-10.140583-4.1199646-.3172646-3.4862251-6.6551132.6338005-6.3379593 9.8241844 1.2675896 14.8944778 6.6551094 15.2118149 16.1621475zm16.1621552.3172646c.3172607 4.1199684-6.0213776 4.436554-6.3379593.3172646-.6338043-16.1621437-8.8731079-24.7182884-24.7182884-26.6196957-4.1199684-.3172646-3.4862289-6.6551132.6337967-6.3379593 19.0140648 2.2185593 29.7893333 13.626812 30.4225044 32.6405029z\" fill-rule=\"evenodd\"\/>\n<\/svg>\n<\/div><div class=\"contentWrap\"><div class=\"fusion-text fusion-text-3 fusion-text-no-margin\" style=\"--awb-font-size:var(--awb-typography3-font-size);--awb-line-height:var(--awb-typography3-line-height);--awb-letter-spacing:var(--awb-typography3-letter-spacing);--awb-text-transform:var(--awb-typography3-text-transform);--awb-text-color:#d9d9d9;--awb-text-font-family:&quot;Raleway&quot;;--awb-text-font-style:normal;--awb-text-font-weight:700;\"><p>Zavolejte n\u00e1m:<\/p>\n<\/div><div class=\"fusion-text fusion-text-4 fusion-text-no-margin\" style=\"--awb-font-size:var(--awb-typography3-font-size);--awb-line-height:var(--awb-typography3-line-height);--awb-letter-spacing:var(--awb-typography3-letter-spacing);--awb-text-transform:var(--awb-typography3-text-transform);--awb-text-color:var(--awb-color8);--awb-text-font-family:&quot;Raleway&quot;;--awb-text-font-style:normal;--awb-text-font-weight:700;\"><p><a href=\"tel:+420 728 282 285\">+420&nbsp;728&nbsp;282&nbsp;285<\/a><\/p>\n<\/div><div class=\"fusion-text fusion-text-5 fusion-text-no-margin\" style=\"--awb-font-size:var(--awb-typography3-font-size);--awb-line-height:var(--awb-typography3-line-height);--awb-letter-spacing:var(--awb-typography3-letter-spacing);--awb-text-transform:var(--awb-typography3-text-transform);--awb-text-color:#d9d9d9;--awb-margin-top:0.75rem;--awb-text-font-family:&quot;Raleway&quot;;--awb-text-font-style:normal;--awb-text-font-weight:700;\"><p>Pevn\u00e1 linka:<\/p>\n<\/div><div class=\"fusion-text fusion-text-6 fusion-text-no-margin\" style=\"--awb-font-size:var(--awb-typography3-font-size);--awb-line-height:var(--awb-typography3-line-height);--awb-letter-spacing:var(--awb-typography3-letter-spacing);--awb-text-transform:var(--awb-typography3-text-transform);--awb-text-color:var(--awb-color8);--awb-text-font-family:&quot;Raleway&quot;;--awb-text-font-style:normal;--awb-text-font-weight:700;\"><p><a href=\"tel:272195831\">272&nbsp;195&nbsp;831<\/a><\/p>\n<\/div><\/div><\/div><\/div><\/div><div class=\"fusion-builder-row fusion-builder-row-inner fusion-row fusion-flex-align-items-flex-start fusion-flex-content-wrap\" style=\"width:104% !important;max-width:104% !important;margin-left: calc(-4% \/ 2 );margin-right: calc(-4% \/ 2 );\"><div class=\"fusion-layout-column fusion_builder_column_inner fusion-builder-nested-column-1 fusion_builder_column_inner_1_1 1_1 fusion-flex-column kontaktBox\" style=\"--awb-bg-size:cover;--awb-width-large:100%;--awb-margin-top-large:0px;--awb-spacing-right-large:1.92%;--awb-margin-bottom-large:0px;--awb-spacing-left-large:1.92%;--awb-width-medium:100%;--awb-order-medium:0;--awb-spacing-right-medium:1.92%;--awb-spacing-left-medium:1.92%;--awb-width-small:100%;--awb-order-small:0;--awb-spacing-right-small:1.92%;--awb-spacing-left-small:1.92%;\" data-scroll-devices=\"small-visibility,medium-visibility,large-visibility\"><div class=\"fusion-column-wrapper fusion-column-has-shadow fusion-flex-justify-content-flex-start fusion-content-layout-row\"><div class=\"icoWrap\">\n<svg id=\"Layer_1\" enable-background=\"new 0 0 100 100\" viewBox=\"0 0 100 100\" xmlns=\"http:\/\/www.w3.org\/2000\/svg\">\n<path d=\"m45.7953949 57.5565643-43.1575694-31.3894138c-.0835295.0425339-.0542982.0276489-.1378276.0701828v47.5c0 5.2467041 4.2532949 9.5 9.5 9.5h76c5.2467041 0 9.5-4.2532959 9.5-9.5v-47.6137638c-.0153503-.0078182-.0099869-.0050869-.0253372-.012907l-43.2689913 31.4473705c-2.5074387 1.8223762-5.9034691 1.821785-8.4102745-.0014687z\"\/><path d=\"m54.205761 45.826828 38.328907-27.8734989c-1.3426667-.7346668-2.8880005-1.1906662-4.534668-1.1906662h-76c-1.6466665 0-3.166667.4560013-4.534667 1.1906662l38.328906 27.8734989c2.5073853 1.8234177 5.9041367 1.8234177 8.411522 0z\"\/>\n<\/svg>\n<\/div><div class=\"contentWrap\"><div class=\"fusion-text fusion-text-7 fusion-text-no-margin\" style=\"--awb-font-size:var(--awb-typography3-font-size);--awb-line-height:var(--awb-typography3-line-height);--awb-letter-spacing:var(--awb-typography3-letter-spacing);--awb-text-transform:var(--awb-typography3-text-transform);--awb-text-color:#d9d9d9;--awb-text-font-family:&quot;Raleway&quot;;--awb-text-font-style:normal;--awb-text-font-weight:700;\"><p>Napi\u0161ete n\u00e1m:<\/p>\n<\/div><div class=\"fusion-text fusion-text-8 fusion-text-no-margin\" style=\"--awb-font-size:var(--awb-typography3-font-size);--awb-line-height:var(--awb-typography3-line-height);--awb-letter-spacing:var(--awb-typography3-letter-spacing);--awb-text-transform:var(--awb-typography3-text-transform);--awb-text-color:var(--awb-color8);--awb-text-font-family:&quot;Raleway&quot;;--awb-text-font-style:normal;--awb-text-font-weight:700;\"><p><a href=\"mailto:skolalinda@skolalinda.cz\">skolalinda@skolalinda.cz<\/a><\/p>\n<\/div><\/div><\/div><\/div><\/div><div class=\"fusion-builder-row fusion-builder-row-inner fusion-row fusion-flex-align-items-flex-start fusion-flex-content-wrap\" style=\"width:104% !important;max-width:104% !important;margin-left: calc(-4% \/ 2 );margin-right: calc(-4% \/ 2 );\"><div class=\"fusion-layout-column fusion_builder_column_inner fusion-builder-nested-column-2 fusion_builder_column_inner_1_1 1_1 fusion-flex-column kontaktBox\" style=\"--awb-bg-size:cover;--awb-width-large:100%;--awb-margin-top-large:0px;--awb-spacing-right-large:1.92%;--awb-margin-bottom-large:0px;--awb-spacing-left-large:1.92%;--awb-width-medium:100%;--awb-order-medium:0;--awb-spacing-right-medium:1.92%;--awb-spacing-left-medium:1.92%;--awb-width-small:100%;--awb-order-small:0;--awb-spacing-right-small:1.92%;--awb-spacing-left-small:1.92%;\" data-scroll-devices=\"small-visibility,medium-visibility,large-visibility\"><div class=\"fusion-column-wrapper fusion-column-has-shadow fusion-flex-justify-content-flex-start fusion-content-layout-row\"><div class=\"icoWrap\">\n<svg id=\"Glyph\" enable-background=\"new 0 0 100 100\" viewBox=\"0 0 100 100\" xmlns=\"http:\/\/www.w3.org\/2000\/svg\">\n<path d=\"m50 8c-14.741 0-26.692 11.95-26.692 26.692 0 15.48 19.479 35.258 25.157 40.694.865.828 2.205.828 3.071 0 5.677-5.436 25.157-25.214 25.157-40.694-.001-14.742-11.952-26.692-26.693-26.692zm0 35.692c-4.971 0-9-4.029-9-9s4.029-9 9-9 9 4.029 9 9-4.029 9-9 9z\"\/><path d=\"m65.042 67.589c-1.409 1.665-2.795 3.224-4.129 4.664 2.756 1.233 4.463 2.928 4.463 4.801 0 3.767-6.884 6.821-15.375 6.821s-15.375-3.054-15.375-6.821c0-1.873 1.707-3.568 4.463-4.801-1.334-1.44-2.72-2.998-4.129-4.664-8.214 2.322-13.708 6.473-13.708 11.223-.002 7.284 12.87 13.188 28.748 13.188s28.75-5.904 28.75-13.188c0-4.75-5.494-8.901-13.708-11.223z\"\/>\n<\/svg>\n<\/div><div class=\"contentWrap\"><div class=\"fusion-text fusion-text-9 fusion-text-no-margin\" style=\"--awb-font-size:var(--awb-typography3-font-size);--awb-line-height:var(--awb-typography3-line-height);--awb-letter-spacing:var(--awb-typography3-letter-spacing);--awb-text-transform:var(--awb-typography3-text-transform);--awb-text-color:#d9d9d9;--awb-text-font-family:&quot;Raleway&quot;;--awb-text-font-style:normal;--awb-text-font-weight:700;\"><p>Nav\u0161tivte n\u00e1s<\/p>\n<\/div><div class=\"fusion-text fusion-text-10 fusion-text-no-margin\" style=\"--awb-font-size:var(--awb-typography3-font-size);--awb-line-height:var(--awb-typography3-line-height);--awb-letter-spacing:var(--awb-typography3-letter-spacing);--awb-text-transform:var(--awb-typography3-text-transform);--awb-text-color:var(--awb-color8);--awb-text-font-family:&quot;Raleway&quot;;--awb-text-font-style:normal;--awb-text-font-weight:700;\"><p>Kosmick\u00e1 744\/15,\u2028Praha 11 &#8211; H\u00e1je<br \/>\n<span class=\"fwdef\">(naproti \u010cesk\u00e9 spo\u0159iteln\u011b)<\/span><\/p>\n<\/div><\/div><\/div><\/div><\/div><div ><a class=\"fusion-button button-flat fusion-button-default-size button-default fusion-button-default button-1 fusion-button-default-span fusion-button-default-type\" target=\"_self\" href=\"#\"><span class=\"fusion-button-text\">V\u0161echny kontakty<\/span><\/a><\/div><\/div><\/div><div class=\"fusion-layout-column fusion_builder_column fusion-builder-column-1 fusion_builder_column_1_2 1_2 fusion-flex-column fusion-flex-align-self-stretch boxShadow form-col\" style=\"--awb-z-index:25;--awb-overflow:hidden;--awb-bg-color:var(--awb-color1);--awb-bg-color-hover:var(--awb-color1);--awb-bg-size:cover;--awb-border-radius:25px 25px 25px 25px;--awb-width-large:50%;--awb-margin-top-large:0px;--awb-spacing-right-large:3.84%;--awb-margin-bottom-large:0px;--awb-spacing-left-large:3.84%;--awb-width-medium:100%;--awb-order-medium:0;--awb-spacing-right-medium:1.92%;--awb-spacing-left-medium:1.92%;--awb-width-small:100%;--awb-order-small:0;--awb-spacing-right-small:1.92%;--awb-spacing-left-small:1.92%;\" data-scroll-devices=\"small-visibility,medium-visibility,large-visibility\"><div class=\"fusion-column-wrapper fusion-column-has-shadow fusion-flex-justify-content-flex-start fusion-content-layout-column\"><div class=\"fusion-form fusion-form-builder fusion-form-form-wrapper fusion-form-137\" style=\"--awb-tooltip-text-color:#ffffff;--awb-tooltip-background-color:#333333;\" data-form-id=\"137\" data-config=\"{&quot;form_id&quot;:&quot;137&quot;,&quot;form_post_id&quot;:&quot;137&quot;,&quot;post_id&quot;:31,&quot;form_type&quot;:&quot;ajax&quot;,&quot;confirmation_type&quot;:&quot;message&quot;,&quot;redirect_url&quot;:&quot;&quot;,&quot;field_labels&quot;:{&quot;jmeno_a_prijmeni&quot;:&quot;&quot;,&quot;email&quot;:&quot;&quot;,&quot;telefon&quot;:&quot;&quot;,&quot;zprava&quot;:&quot;&quot;},&quot;field_logics&quot;:{&quot;jmeno_a_prijmeni&quot;:&quot;&quot;,&quot;email&quot;:&quot;&quot;,&quot;telefon&quot;:&quot;&quot;,&quot;zprava&quot;:&quot;&quot;,&quot;notice_1&quot;:&quot;&quot;},&quot;field_types&quot;:{&quot;jmeno_a_prijmeni&quot;:&quot;text&quot;,&quot;email&quot;:&quot;email&quot;,&quot;telefon&quot;:&quot;phone_number&quot;,&quot;zprava&quot;:&quot;textarea&quot;,&quot;submit_1&quot;:&quot;submit&quot;,&quot;notice_1&quot;:&quot;notice&quot;},&quot;nonce_method&quot;:&quot;ajax&quot;}\"><form action=\"https:\/\/www.skolalinda.cz\/dev\/?page_id=31\" method=\"post\" class=\"fusion-form fusion-form-137\"><div class=\"fusion-fullwidth fullwidth-box fusion-builder-row-1-1 fusion-flex-container has-pattern-background has-mask-background nonhundred-percent-fullwidth non-hundred-percent-height-scrolling\" style=\"--awb-border-radius-top-left:0px;--awb-border-radius-top-right:0px;--awb-border-radius-bottom-right:0px;--awb-border-radius-bottom-left:0px;--awb-padding-right-small:0px;--awb-padding-left-small:0px;--awb-flex-wrap:wrap;\" ><div class=\"fusion-builder-row fusion-row fusion-flex-align-items-flex-start fusion-flex-content-wrap\" style=\"width:104% !important;max-width:104% !important;margin-left: calc(-4% \/ 2 );margin-right: calc(-4% \/ 2 );\"><div class=\"fusion-layout-column fusion_builder_column fusion-builder-column-2 fusion_builder_column_1_1 1_1 fusion-flex-column\" style=\"--awb-padding-top:25px;--awb-padding-right:25px;--awb-padding-bottom:25px;--awb-padding-left:25px;--awb-bg-size:cover;--awb-width-large:100%;--awb-margin-top-large:0px;--awb-spacing-right-large:1.92%;--awb-margin-bottom-large:0px;--awb-spacing-left-large:1.92%;--awb-width-medium:100%;--awb-order-medium:0;--awb-spacing-right-medium:1.92%;--awb-spacing-left-medium:1.92%;--awb-width-small:100%;--awb-order-small:0;--awb-spacing-right-small:1.92%;--awb-spacing-left-small:1.92%;\" data-scroll-devices=\"small-visibility,medium-visibility,large-visibility\"><div class=\"fusion-column-wrapper fusion-column-has-shadow fusion-flex-justify-content-flex-start fusion-content-layout-column\"><div class=\"fusion-form-field fusion-form-text-field fusion-form-label-above\" style=\"\" data-form-id=\"137\"><div class=\"fusion-form-input-with-icon\"><i class=\"awb-form-icon fa-user fas\"><\/i><input type=\"text\"  data-empty-notice=\"Toto pole nesm\u00ed b\u00fdt pr\u00e1zdn\u00e9!\" name=\"jmeno_a_prijmeni\" id=\"jmeno_a_prijmeni\" value=\"\"  class=\"fusion-form-input\" required=\"true\" aria-required=\"true\" placeholder=\"Jm\u00e9no a p\u0159\u00edjmen\u00ed*\" data-holds-private-data=\"false\" minlength=\"0\"\/><\/div><\/div><div class=\"fusion-form-field fusion-form-email-field fusion-form-label-above\" style=\"\" data-form-id=\"137\"><div class=\"fusion-form-input-with-icon\"><i class=\"awb-form-icon fa-envelope fas\"><\/i><input type=\"email\"  data-empty-notice=\"Toto pole nesm\u00ed b\u00fdt pr\u00e1zdn\u00e9!\" name=\"email\" id=\"email\" value=\"\"  class=\"fusion-form-input\" required=\"true\" aria-required=\"true\" placeholder=\"V\u00e1\u0161 e-mail*\" data-holds-private-data=\"false\"\/><\/div><\/div><div class=\"fusion-form-field fusion-form-phone-number-field fusion-form-label-above\" style=\"\" data-form-id=\"137\"><div class=\"fusion-form-input-with-icon\"><i class=\"awb-form-icon fa-phone-square-alt fas\"><\/i><input type=\"tel\"  data-empty-notice=\"Toto pole nesm\u00ed b\u00fdt pr\u00e1zdn\u00e9!\" name=\"telefon\" id=\"telefon\" value=\"\"  class=\"fusion-form-input\" required=\"true\" aria-required=\"true\" placeholder=\"Va\u0161e telefonn\u00ed \u010d\u00edslo*\" data-holds-private-data=\"false\"\/><\/div><\/div><div class=\"fusion-form-field fusion-form-textarea-field fusion-form-label-above\" style=\"\" data-form-id=\"137\"><div class=\"fusion-form-input-with-icon\"><i class=\" fa-align-left fas\"><\/i><textarea cols=\"40\" data-empty-notice=\"Toto pole nesm\u00ed b\u00fdt pr\u00e1zdn\u00e9!\"  minlength=\"0\"  rows=\"4\" tabindex=\"\" id=\"zprava\" name=\"zprava\" class=\"fusion-form-input\" required=\"true\" aria-required=\"true\" placeholder=\"Va\u0161e zpr\u00e1va*\" data-holds-private-data=\"false\"><\/textarea><\/div><\/div><div class=\"fusion-text fusion-text-11\"><p>Vlo\u017een\u00edm osobn\u00edch \u00fadaj\u016f souhlas\u00edte s\u00a0<a href=\"\/podminky-ochrany-osobnich-udaju\/\" target=\"_blank\" rel=\"noopener\"><strong>podm\u00ednkami ochrany osobn\u00edch \u00fadaj\u016f<\/strong><\/a>.<\/p>\n<\/div>\n<div class=\"fusion-form-field fusion-form-submit-field fusion-form-label-above\" style=\"\" data-form-id=\"137\"><div ><button type=\"submit\" class=\"fusion-button button-flat fusion-button-default-size button-default fusion-button-default button-2 fusion-button-default-span  form-form-submit button-default\" data-form-number=\"137\" tabindex=\"\"><span class=\"fusion-button-text\">Odeslat<\/span><\/button><\/div><\/div><div class=\"form-submission-notices data-notice_1\" id=\"fusion-notices-1\"><div class=\"fusion-alert alert success alert-success fusion-alert-center fusion-form-response fusion-form-response-success awb-alert-native-link-color alert-dismissable awb-alert-close-boxed\" style=\"--awb-margin-top:15px;\" role=\"alert\"><div class=\"fusion-alert-content-wrapper\"><span class=\"alert-icon\"><i class=\"awb-icon-check-circle\" aria-hidden=\"true\"><\/i><\/span><span class=\"fusion-alert-content\">D\u011bkujeme V\u00e1m! Va\u0161e zpr\u00e1va byla \u00fasp\u011b\u0161n\u011b odesl\u00e1na. Budeme V\u00e1s kontaktovat v nejbli\u017e\u0161\u00ed mo\u017en\u00e9 dob\u011b.<\/span><\/div><button type=\"button\" class=\"close toggle-alert\" data-dismiss=\"alert\" aria-label=\"Close\">&times;<\/button><\/div><div class=\"fusion-alert alert error alert-danger fusion-alert-center fusion-form-response fusion-form-response-error awb-alert-native-link-color alert-dismissable awb-alert-close-boxed\" style=\"--awb-margin-top:15px;\" role=\"alert\"><div class=\"fusion-alert-content-wrapper\"><span class=\"alert-icon\"><i class=\"awb-icon-exclamation-triangle\" aria-hidden=\"true\"><\/i><\/span><span class=\"fusion-alert-content\">P\u0159i odes\u00edl\u00e1n\u00ed va\u0161\u00ed zpr\u00e1vy do\u0161lo k chyb\u011b. Pros\u00edm zkuste to znovu pozd\u011bji.<\/span><\/div><button type=\"button\" class=\"close toggle-alert\" data-dismiss=\"alert\" aria-label=\"Close\">&times;<\/button><\/div><\/div><\/div><\/div><\/div><\/div><\/form><\/div><\/div><\/div><\/div><\/section><section class=\"fusion-fullwidth fullwidth-box fusion-builder-row-2 fusion-flex-container has-pattern-background has-mask-background hundred-percent-fullwidth non-hundred-percent-height-scrolling fusion-custom-z-index\" style=\"--awb-border-radius-top-left:0px;--awb-border-radius-top-right:0px;--awb-border-radius-bottom-right:0px;--awb-border-radius-bottom-left:0px;--awb-z-index:22;--awb-padding-right:0px;--awb-padding-left:0px;--awb-flex-wrap:wrap;\" ><div class=\"fusion-builder-row fusion-row fusion-flex-align-items-flex-start fusion-flex-content-wrap\" style=\"width:104% !important;max-width:104% !important;margin-left: calc(-4% \/ 2 );margin-right: calc(-4% \/ 2 );\"><div class=\"fusion-layout-column fusion_builder_column fusion-builder-column-3 fusion_builder_column_1_1 1_1 fusion-flex-column\" style=\"--awb-bg-size:cover;--awb-width-large:100%;--awb-margin-top-large:0px;--awb-spacing-right-large:1.92%;--awb-margin-bottom-large:0px;--awb-spacing-left-large:1.92%;--awb-width-medium:100%;--awb-order-medium:0;--awb-spacing-right-medium:1.92%;--awb-spacing-left-medium:1.92%;--awb-width-small:100%;--awb-order-small:0;--awb-spacing-right-small:1.92%;--awb-spacing-left-small:1.92%;\"><div class=\"fusion-column-wrapper fusion-column-has-shadow fusion-flex-justify-content-flex-start fusion-content-layout-column\"><iframe src=\"https:\/\/www.google.com\/maps\/embed?pb=!1m18!1m12!1m3!1d2562.9003674650926!2d14.523811676877981!3d50.031962717407126!2m3!1f0!2f0!3f0!3m2!1i1024!2i768!4f13.1!3m3!1m2!1s0x470b9213f38eddad%3A0xb9bd2e1df4ed17cf!2sKupeck%C3%A9ho%20842%2F4%2C%20149%2000%20Praha%2011-H%C3%A1je!5e0!3m2!1scs!2scz!4v1726494704168!5m2!1scs!2scz\" width=\"100%\" height=\"450\" style=\"border:0;\" allowfullscreen=\"\" loading=\"lazy\" referrerpolicy=\"no-referrer-when-downgrade\"><\/iframe><\/div><\/div><\/div><\/section><\/p>\n","protected":false},"excerpt":{"rendered":"","protected":false},"author":1,"featured_media":0,"parent":0,"menu_order":0,"comment_status":"closed","ping_status":"closed","template":"100-width.php","meta":{"_acf_changed":false,"footnotes":""},"class_list":["post-31","page","type-page","status-publish","hentry"],"acf":[],"_links":{"self":[{"href":"https:\/\/www.skolalinda.cz\/dev\/index.php?rest_route=\/wp\/v2\/pages\/31","targetHints":{"allow":["GET"]}}],"collection":[{"href":"https:\/\/www.skolalinda.cz\/dev\/index.php?rest_route=\/wp\/v2\/pages"}],"about":[{"href":"https:\/\/www.skolalinda.cz\/dev\/index.php?rest_route=\/wp\/v2\/types\/page"}],"author":[{"embeddable":true,"href":"https:\/\/www.skolalinda.cz\/dev\/index.php?rest_route=\/wp\/v2\/users\/1"}],"replies":[{"embeddable":true,"href":"https:\/\/www.skolalinda.cz\/dev\/index.php?rest_route=%2Fwp%2Fv2%2Fcomments&post=31"}],"version-history":[{"count":2,"href":"https:\/\/www.skolalinda.cz\/dev\/index.php?rest_route=\/wp\/v2\/pages\/31\/revisions"}],"predecessor-version":[{"id":307,"href":"https:\/\/www.skolalinda.cz\/dev\/index.php?rest_route=\/wp\/v2\/pages\/31\/revisions\/307"}],"wp:attachment":[{"href":"https:\/\/www.skolalinda.cz\/dev\/index.php?rest_route=%2Fwp%2Fv2%2Fmedia&parent=31"}],"curies":[{"name":"wp","href":"https:\/\/api.w.org\/{rel}","templated":true}]}}